{"id":668,"date":"2017-01-24T10:53:57","date_gmt":"2017-01-24T10:53:57","guid":{"rendered":"http:\/\/www.nanolab.es\/?page_id=668"},"modified":"2017-10-21T22:35:26","modified_gmt":"2017-10-21T22:35:26","slug":"arbol","status":"publish","type":"page","link":"http:\/\/nanolab.es\/?page_id=668","title":{"rendered":"[ra\u00edces]"},"content":{"rendered":"<p><span style=\"color: #3366ff;\">\u00bf<span style=\"color: #ff0000;\">q<\/span>u\u00e9 tienen en com\u00fan los edificios y los \u00e1rboles?<\/span><\/p>\n<p><span style=\"color: #3366ff;\"><span style=\"color: #ff0000;\">a<\/span>s\u00ed como las copas de los \u00e1rboles encuentran el equilibrio en\u00a0las ra\u00edces, los edificios tambi\u00e9n agradecen\u00a0su estabilidad al terreno en el que se sit\u00faan.\u00a0<\/span><span style=\"color: #3366ff;\"><span style=\"color: #ff0000;\">c<\/span>uanto m\u00e1s crece un \u00e1rbol, m\u00e1s se extienden sus ra\u00edces. <span style=\"color: #ff0000;\">l<\/span>o mismo pasa con los edificios, que cuanta m\u00e1s altura alcanzan, mayores cimientos necesitan.<\/span><\/p>\n<p><span style=\"color: #3366ff;\"><span style=\"color: #ff0000;\">c<\/span>on &#8216;<span style=\"color: #ff0000;\">r<\/span>a\u00edces&#8217; conseguimos que los ni\u00f1os sean conscientes de la parte que no ven,\u00a0y que entiendan que los edificios nacen de la\u00a0tierra.<\/span><\/p>\n<p>&nbsp;<\/p>\n<div id='gallery-1' class='gallery galleryid-668 gallery-columns-4 gallery-size-thumbnail'><figure class='gallery-item'>\n\t\t\t<div class='gallery-icon landscape'>\n\t\t\t\t<a href='http:\/\/nanolab.es\/?attachment_id=655'><img loading=\"lazy\" decoding=\"async\" width=\"150\" height=\"150\" src=\"http:\/\/nanolab.es\/wp-content\/uploads\/Arbol_04-660x467-150x150.jpg\" class=\"attachment-thumbnail size-thumbnail\" alt=\"\" \/><\/a>\n\t\t\t<\/div><\/figure><figure class='gallery-item'>\n\t\t\t<div class='gallery-icon landscape'>\n\t\t\t\t<a href='http:\/\/nanolab.es\/?attachment_id=654'><img loading=\"lazy\" decoding=\"async\" width=\"150\" height=\"150\" src=\"http:\/\/nanolab.es\/wp-content\/uploads\/Arbol_02-bis-660x466-150x150.jpg\" class=\"attachment-thumbnail size-thumbnail\" alt=\"\" \/><\/a>\n\t\t\t<\/div><\/figure><figure class='gallery-item'>\n\t\t\t<div class='gallery-icon landscape'>\n\t\t\t\t<a href='http:\/\/nanolab.es\/?attachment_id=653'><img loading=\"lazy\" decoding=\"async\" width=\"150\" height=\"150\" src=\"http:\/\/nanolab.es\/wp-content\/uploads\/Arbol_02-660x466-150x150.jpg\" class=\"attachment-thumbnail size-thumbnail\" alt=\"\" \/><\/a>\n\t\t\t<\/div><\/figure><figure class='gallery-item'>\n\t\t\t<div class='gallery-icon landscape'>\n\t\t\t\t<a href='http:\/\/nanolab.es\/?attachment_id=652'><img loading=\"lazy\" decoding=\"async\" width=\"150\" height=\"150\" src=\"http:\/\/nanolab.es\/wp-content\/uploads\/Arbol_01-660x467-150x150.jpg\" class=\"attachment-thumbnail size-thumbnail\" alt=\"\" \/><\/a>\n\t\t\t<\/div><\/figure>\n\t\t<\/div>\n\n<p><span style=\"color: #3366ff;\"><span style=\"color: #ff0000;\"><span style=\"color: #3366ff;\">(<\/span>b<\/span>asado en el taller &#8216;<span style=\"color: #ff0000;\">r<\/span>oots&#8217; de <span style=\"color: #ff0000;\">m<\/span>aushaus, publicado en <span style=\"color: #ff0000;\">a<\/span>mag!)<\/span><\/p>\n","protected":false},"excerpt":{"rendered":"<p>\u00bfqu\u00e9 tienen en com\u00fan los edificios y los \u00e1rboles? as\u00ed como las copas de los \u00e1rboles encuentran el equilibrio en\u00a0las ra\u00edces, los edificios tambi\u00e9n agradecen\u00a0su estabilidad al terreno en el que se sit\u00faan.\u00a0cuanto m\u00e1s crece un \u00e1rbol, m\u00e1s se extienden sus ra\u00edces. lo mismo pasa con los edificios, que cuanta m\u00e1s altura alcanzan, mayores cimientos [&hellip;]<\/p>\n","protected":false},"author":1,"featured_media":0,"parent":0,"menu_order":0,"comment_status":"closed","ping_status":"closed","template":"","meta":{"footnotes":""},"_links":{"self":[{"href":"http:\/\/nanolab.es\/index.php?rest_route=\/wp\/v2\/pages\/668"}],"collection":[{"href":"http:\/\/nanolab.es\/index.php?rest_route=\/wp\/v2\/pages"}],"about":[{"href":"http:\/\/nanolab.es\/index.php?rest_route=\/wp\/v2\/types\/page"}],"author":[{"embeddable":true,"href":"http:\/\/nanolab.es\/index.php?rest_route=\/wp\/v2\/users\/1"}],"replies":[{"embeddable":true,"href":"http:\/\/nanolab.es\/index.php?rest_route=%2Fwp%2Fv2%2Fcomments&post=668"}],"version-history":[{"count":4,"href":"http:\/\/nanolab.es\/index.php?rest_route=\/wp\/v2\/pages\/668\/revisions"}],"predecessor-version":[{"id":852,"href":"http:\/\/nanolab.es\/index.php?rest_route=\/wp\/v2\/pages\/668\/revisions\/852"}],"wp:attachment":[{"href":"http:\/\/nanolab.es\/index.php?rest_route=%2Fwp%2Fv2%2Fmedia&parent=668"}],"curies":[{"name":"wp","href":"https:\/\/api.w.org\/{rel}","templated":true}]}}