{"id":745,"date":"2017-04-13T15:44:36","date_gmt":"2017-04-13T15:44:36","guid":{"rendered":"http:\/\/www.nanolab.es\/?page_id=745"},"modified":"2017-10-21T22:20:56","modified_gmt":"2017-10-21T22:20:56","slug":"gaudi-y-las-chimeneas-galacticas","status":"publish","type":"page","link":"http:\/\/nanolab.es\/?page_id=745","title":{"rendered":"[gaud\u00ed y las chimeneas gal\u00e1cticas]"},"content":{"rendered":"<p><span style=\"color: #3366ff;\"><span style=\"color: #ff0000;\">l<\/span>a casa <span style=\"color: #ff0000;\">m<\/span>il\u00e1, tambi\u00e9n conocida como la <span style=\"color: #ff0000;\">p<\/span>edrera, es una de las obras de arte que dej\u00f3 <span style=\"color: #ff0000;\">g<\/span>aud\u00ed en la ciudad de <span style=\"color: #ff0000;\">b<\/span>arcelona.<span style=\"color: #ff0000;\"> f<\/span>ue construida entre 1906 y 1912, en la mejor \u00e9poca art\u00edstica del arquitecto.<\/span><\/p>\n<p><span style=\"color: #3366ff;\"><span style=\"color: #ff0000;\">e<\/span>n la azotea de este edificio destacan las formas de las chimeneas y torres de ventilaci\u00f3n, que producen una sensaci\u00f3n de estar en un museo de esculturas. <span style=\"color: #ff0000;\">l<\/span>a fama de estas chimeneas ha llegado a todo el mundo e incluso ha inspirado los cascos de los soldados imperiales de la <span style=\"color: #ff0000;\">g<\/span>uerra de las galaxias.<\/span><\/p>\n<div id='gallery-1' class='gallery galleryid-745 gallery-columns-4 gallery-size-thumbnail'><figure class='gallery-item'>\n\t\t\t<div class='gallery-icon landscape'>\n\t\t\t\t<a href='http:\/\/nanolab.es\/?attachment_id=748'><img loading=\"lazy\" decoding=\"async\" width=\"150\" height=\"150\" src=\"http:\/\/nanolab.es\/wp-content\/uploads\/DSC7708-copia-150x150.jpg\" class=\"attachment-thumbnail size-thumbnail\" alt=\"\" \/><\/a>\n\t\t\t<\/div><\/figure><figure class='gallery-item'>\n\t\t\t<div class='gallery-icon landscape'>\n\t\t\t\t<a href='http:\/\/nanolab.es\/?attachment_id=747'><img loading=\"lazy\" decoding=\"async\" width=\"150\" height=\"150\" src=\"http:\/\/nanolab.es\/wp-content\/uploads\/20170310_171447-150x150.jpg\" class=\"attachment-thumbnail size-thumbnail\" alt=\"\" srcset=\"http:\/\/nanolab.es\/wp-content\/uploads\/20170310_171447-150x150.jpg 150w, http:\/\/nanolab.es\/wp-content\/uploads\/20170310_171447-300x300.jpg 300w, http:\/\/nanolab.es\/wp-content\/uploads\/20170310_171447-1024x1024.jpg 1024w\" sizes=\"(max-width: 150px) 100vw, 150px\" \/><\/a>\n\t\t\t<\/div><\/figure><figure class='gallery-item'>\n\t\t\t<div class='gallery-icon landscape'>\n\t\t\t\t<a href='http:\/\/nanolab.es\/?attachment_id=749'><img loading=\"lazy\" decoding=\"async\" width=\"150\" height=\"150\" src=\"http:\/\/nanolab.es\/wp-content\/uploads\/IMG_20170310_144627-copia-150x150.jpg\" class=\"attachment-thumbnail size-thumbnail\" alt=\"\" srcset=\"http:\/\/nanolab.es\/wp-content\/uploads\/IMG_20170310_144627-copia-150x150.jpg 150w, http:\/\/nanolab.es\/wp-content\/uploads\/IMG_20170310_144627-copia-300x300.jpg 300w, http:\/\/nanolab.es\/wp-content\/uploads\/IMG_20170310_144627-copia-1024x1024.jpg 1024w\" sizes=\"(max-width: 150px) 100vw, 150px\" \/><\/a>\n\t\t\t<\/div><\/figure><figure class='gallery-item'>\n\t\t\t<div class='gallery-icon landscape'>\n\t\t\t\t<a href='http:\/\/nanolab.es\/?attachment_id=746'><img loading=\"lazy\" decoding=\"async\" width=\"150\" height=\"150\" src=\"http:\/\/nanolab.es\/wp-content\/uploads\/my2RFHTsFn4dYR9GMbNq5hPqtTK9DmLk-1-150x150.jpg\" class=\"attachment-thumbnail size-thumbnail\" alt=\"\" \/><\/a>\n\t\t\t<\/div><\/figure>\n\t\t<\/div>\n\n","protected":false},"excerpt":{"rendered":"<p>la casa mil\u00e1, tambi\u00e9n conocida como la pedrera, es una de las obras de arte que dej\u00f3 gaud\u00ed en la ciudad de barcelona. fue construida entre 1906 y 1912, en la mejor \u00e9poca art\u00edstica del arquitecto. en la azotea de este edificio destacan las formas de las chimeneas y torres de ventilaci\u00f3n, que producen una [&hellip;]<\/p>\n","protected":false},"author":1,"featured_media":0,"parent":0,"menu_order":0,"comment_status":"closed","ping_status":"closed","template":"","meta":{"footnotes":""},"_links":{"self":[{"href":"http:\/\/nanolab.es\/index.php?rest_route=\/wp\/v2\/pages\/745"}],"collection":[{"href":"http:\/\/nanolab.es\/index.php?rest_route=\/wp\/v2\/pages"}],"about":[{"href":"http:\/\/nanolab.es\/index.php?rest_route=\/wp\/v2\/types\/page"}],"author":[{"embeddable":true,"href":"http:\/\/nanolab.es\/index.php?rest_route=\/wp\/v2\/users\/1"}],"replies":[{"embeddable":true,"href":"http:\/\/nanolab.es\/index.php?rest_route=%2Fwp%2Fv2%2Fcomments&post=745"}],"version-history":[{"count":2,"href":"http:\/\/nanolab.es\/index.php?rest_route=\/wp\/v2\/pages\/745\/revisions"}],"predecessor-version":[{"id":838,"href":"http:\/\/nanolab.es\/index.php?rest_route=\/wp\/v2\/pages\/745\/revisions\/838"}],"wp:attachment":[{"href":"http:\/\/nanolab.es\/index.php?rest_route=%2Fwp%2Fv2%2Fmedia&parent=745"}],"curies":[{"name":"wp","href":"https:\/\/api.w.org\/{rel}","templated":true}]}}