{"id":763,"date":"2017-04-16T14:09:59","date_gmt":"2017-04-16T14:09:59","guid":{"rendered":"http:\/\/www.nanolab.es\/?page_id=763"},"modified":"2017-06-27T11:49:30","modified_gmt":"2017-06-27T11:49:30","slug":"prensa","status":"publish","type":"page","link":"http:\/\/nanolab.es\/?page_id=763","title":{"rendered":"prensa"},"content":{"rendered":"<h4><span style=\"color: #3366ff;\"><span style=\"color: #ff0000;\">j<\/span>unio 2017<\/span><\/h4>\n<p><span style=\"color: #3366ff;\"><span style=\"color: #ff0000;\">e<\/span>l <span style=\"color: #ff0000;\">c<\/span>olegio de<span style=\"color: #ff0000;\"> a<\/span>rquitectos organiza talleres infantiles sobre arte y dise\u00f1o<\/span><\/p>\n<p><a href=\"http:\/\/www.elcomercio.es\/gijon\/201706\/26\/colegio-arquitectos-organiza-talleres-20170626005851-v.html\"><span style=\"color: #3366ff;\">(enlace a noticia)<\/span><\/a><\/p>\n<p>&nbsp;<\/p>\n<h4><span style=\"color: #ff0000;\">j<span style=\"color: #3366ff;\">unio 2017<\/span><\/span><\/h4>\n<p><span style=\"color: #3366ff;\"><span style=\"color: #ff0000;\">n<\/span>os entrevistan en la radio<\/span><\/p>\n<p><a href=\"http:\/\/www.rtpa.es\/audio:La%20radio%20es%20mia_1498216109.html\"><span style=\"color: #3366ff;\">(enlace a RPA-minuto 44)<\/span><\/a><\/p>\n<p>&nbsp;<\/p>\n<h4><span style=\"color: #3366ff;\"><span style=\"color: #ff0000;\">e<\/span>nero 2017<\/span><\/h4>\n<p><span style=\"color: #3366ff;\"><span style=\"color: #ff0000;\">p<\/span>eque\u00f1os refugios de papel y cart\u00f3n<\/span><\/p>\n<p><a href=\"http:\/\/www.elcomercio.es\/gijon\/201701\/03\/pequenos-refugios-papel-carton-20170103000522-v.html\"><span style=\"color: #3366ff;\">(enlace a noticia)<\/span><\/a><\/p>\n<p>&nbsp;<\/p>\n<h4><span style=\"color: #3366ff;\"><span style=\"color: #ff0000;\">d<\/span>iciembre 2016<\/span><\/h4>\n<p><span style=\"color: #3366ff;\"><span style=\"color: #ff0000;\">l<\/span>as manos infantiles, ocupadas por vacaciones<\/span><\/p>\n<p><a href=\"http:\/\/www.elcomercio.es\/gijon\/201612\/27\/manos-infantiles-ocupadas-vacaciones-20161227000711-v.html\"><span style=\"color: #3366ff;\">(enlace a noticia)<\/span><\/a><\/p>\n<p><a href=\"http:\/\/nanolab.es\/wp-content\/uploads\/Mercaplana-1.pdf\"><img loading=\"lazy\" decoding=\"async\" class=\"alignnone size-medium wp-image-638\" src=\"http:\/\/nanolab.es\/wp-content\/uploads\/Mercaplana-1-239x300.jpg\" alt=\"\" width=\"239\" height=\"300\" srcset=\"http:\/\/nanolab.es\/wp-content\/uploads\/Mercaplana-1-239x300.jpg 239w, http:\/\/nanolab.es\/wp-content\/uploads\/Mercaplana-1-815x1024.jpg 815w\" sizes=\"(max-width: 239px) 100vw, 239px\" \/><\/a> <a href=\"http:\/\/nanolab.es\/wp-content\/uploads\/Mercaplana-2.pdf\"><img loading=\"lazy\" decoding=\"async\" class=\"alignnone size-medium wp-image-639\" src=\"http:\/\/nanolab.es\/wp-content\/uploads\/Mercaplana-2-237x300.jpg\" alt=\"\" width=\"237\" height=\"300\" srcset=\"http:\/\/nanolab.es\/wp-content\/uploads\/Mercaplana-2-237x300.jpg 237w, http:\/\/nanolab.es\/wp-content\/uploads\/Mercaplana-2-809x1024.jpg 809w\" sizes=\"(max-width: 237px) 100vw, 237px\" \/><\/a><\/p>\n<h4><\/h4>\n<h4><span style=\"color: #3366ff;\"><span style=\"color: #ff0000;\">n<\/span>oviembre 2016<\/span><\/h4>\n<p><span style=\"color: #3366ff;\"><span style=\"color: #ff0000;\">r<\/span>epaso a las cicatrices de\u00a0<span style=\"color: #ff0000;\">c<\/span>imavilla<\/span><\/p>\n<p><a href=\"http:\/\/www.elcomercio.es\/gijon\/201611\/21\/repaso-cicatrices-cimavilla-20161121013757-v.html\"><span style=\"color: #3366ff;\">(enlace a noticia)<\/span><\/a><\/p>\n<p>&nbsp;<\/p>\n<h4><span style=\"color: #3366ff;\"><span style=\"color: #ff0000;\">a<\/span>gosto 2016<\/span><\/h4>\n<p><span style=\"color: #3366ff;\"><span style=\"color: #ff0000;\">u<\/span>na plaza Mayor con campo de f\u00fatbol y columpios<\/span><\/p>\n<p><a href=\"http:\/\/www.elcomercio.es\/gijon\/201608\/25\/plaza-mayor-campo-futbol-20160825001643-v.html\"><span style=\"color: #3366ff;\">(enlace a noticia)<\/span><\/a><\/p>\n<p><img loading=\"lazy\" decoding=\"async\" class=\"alignnone size-medium wp-image-533\" src=\"http:\/\/nanolab.es\/wp-content\/uploads\/ARTICULO-EL-COMERCIO0001-300x189.jpg\" alt=\"\" width=\"300\" height=\"189\" srcset=\"http:\/\/nanolab.es\/wp-content\/uploads\/ARTICULO-EL-COMERCIO0001-300x189.jpg 300w, http:\/\/nanolab.es\/wp-content\/uploads\/ARTICULO-EL-COMERCIO0001-1024x645.jpg 1024w\" sizes=\"(max-width: 300px) 100vw, 300px\" \/><\/p>\n<h4><\/h4>\n<h4><span style=\"color: #3366ff;\"><span style=\"color: #ff0000;\">e<\/span>nero 2015<\/span><\/h4>\n<p><span style=\"color: #3366ff;\"><span style=\"color: #ff0000;\">p<\/span>eque\u00f1os aprendices de arquitecto<\/span><\/p>\n<p><a href=\"http:\/\/www.elcomercio.es\/culturas\/arte\/201501\/07\/pequenos-aprendices-arquitecto-20150107001846-v.html\"><span style=\"color: #3366ff;\">(enlace a noticia)<\/span><\/a><\/p>\n<p>&nbsp;<\/p>\n","protected":false},"excerpt":{"rendered":"<p>junio 2017 el colegio de arquitectos organiza talleres infantiles sobre arte y dise\u00f1o (enlace a noticia) &nbsp; junio 2017 nos entrevistan en la radio (enlace a RPA-minuto 44) &nbsp; enero 2017 peque\u00f1os refugios de papel y cart\u00f3n (enlace a noticia) &nbsp; diciembre 2016 las manos infantiles, ocupadas por vacaciones (enlace a noticia) noviembre 2016 repaso [&hellip;]<\/p>\n","protected":false},"author":1,"featured_media":0,"parent":0,"menu_order":0,"comment_status":"closed","ping_status":"closed","template":"","meta":{"footnotes":""},"_links":{"self":[{"href":"http:\/\/nanolab.es\/index.php?rest_route=\/wp\/v2\/pages\/763"}],"collection":[{"href":"http:\/\/nanolab.es\/index.php?rest_route=\/wp\/v2\/pages"}],"about":[{"href":"http:\/\/nanolab.es\/index.php?rest_route=\/wp\/v2\/types\/page"}],"author":[{"embeddable":true,"href":"http:\/\/nanolab.es\/index.php?rest_route=\/wp\/v2\/users\/1"}],"replies":[{"embeddable":true,"href":"http:\/\/nanolab.es\/index.php?rest_route=%2Fwp%2Fv2%2Fcomments&post=763"}],"version-history":[{"count":5,"href":"http:\/\/nanolab.es\/index.php?rest_route=\/wp\/v2\/pages\/763\/revisions"}],"predecessor-version":[{"id":790,"href":"http:\/\/nanolab.es\/index.php?rest_route=\/wp\/v2\/pages\/763\/revisions\/790"}],"wp:attachment":[{"href":"http:\/\/nanolab.es\/index.php?rest_route=%2Fwp%2Fv2%2Fmedia&parent=763"}],"curies":[{"name":"wp","href":"https:\/\/api.w.org\/{rel}","templated":true}]}}