{"id":832,"date":"2017-10-21T22:07:09","date_gmt":"2017-10-21T22:07:09","guid":{"rendered":"http:\/\/www.nanolab.es\/?page_id=832"},"modified":"2017-10-21T22:35:04","modified_gmt":"2017-10-21T22:35:04","slug":"mi-ciudad","status":"publish","type":"page","link":"http:\/\/nanolab.es\/?page_id=832","title":{"rendered":"[mi ciudad]"},"content":{"rendered":"<p><span style=\"color: #3366ff;\"><span style=\"color: #ff0000;\">m<\/span>i ciudad, \u00bfcomo quiero que sea? \u00e1rboles, parques, bosques, un r\u00edo, casas, edificios m\u00e1s altos y otros tipos, carreteras y calles&#8230;. hoy construimos nuestra ciudad.<\/span><\/p>\n<p><a href=\"http:\/\/www.nanolab.es\/?attachment_id=844\" rel=\"attachment wp-att-844\"><img loading=\"lazy\" decoding=\"async\" class=\"alignnone wp-image-844\" src=\"http:\/\/nanolab.es\/wp-content\/uploads\/22538845_1965227750392849_281685087364678590_o-300x200.jpg\" alt=\"\" width=\"192\" height=\"128\" srcset=\"http:\/\/nanolab.es\/wp-content\/uploads\/22538845_1965227750392849_281685087364678590_o-300x200.jpg 300w, http:\/\/nanolab.es\/wp-content\/uploads\/22538845_1965227750392849_281685087364678590_o-1024x683.jpg 1024w, http:\/\/nanolab.es\/wp-content\/uploads\/22538845_1965227750392849_281685087364678590_o.jpg 1125w\" sizes=\"(max-width: 192px) 100vw, 192px\" \/><\/a> <a href=\"http:\/\/www.nanolab.es\/?attachment_id=834\" rel=\"attachment wp-att-834\"><img loading=\"lazy\" decoding=\"async\" class=\"alignnone wp-image-834\" src=\"http:\/\/nanolab.es\/wp-content\/uploads\/22538806_1965226813726276_4632552700933225493_o-300x200.jpg\" alt=\"\" width=\"192\" height=\"128\" srcset=\"http:\/\/nanolab.es\/wp-content\/uploads\/22538806_1965226813726276_4632552700933225493_o-300x200.jpg 300w, http:\/\/nanolab.es\/wp-content\/uploads\/22538806_1965226813726276_4632552700933225493_o-1024x683.jpg 1024w, http:\/\/nanolab.es\/wp-content\/uploads\/22538806_1965226813726276_4632552700933225493_o.jpg 1242w\" sizes=\"(max-width: 192px) 100vw, 192px\" \/><\/a><a href=\"http:\/\/www.nanolab.es\/?attachment_id=847\" rel=\"attachment wp-att-847\">\u00a0<\/a><a href=\"http:\/\/www.nanolab.es\/?attachment_id=845\" rel=\"attachment wp-att-845\"><img loading=\"lazy\" decoding=\"async\" class=\"alignnone wp-image-845\" src=\"http:\/\/nanolab.es\/wp-content\/uploads\/22555451_1965227903726167_900654735775980375_o-300x200.jpg\" alt=\"\" width=\"193\" height=\"129\" srcset=\"http:\/\/nanolab.es\/wp-content\/uploads\/22555451_1965227903726167_900654735775980375_o-300x200.jpg 300w, http:\/\/nanolab.es\/wp-content\/uploads\/22555451_1965227903726167_900654735775980375_o-1024x683.jpg 1024w, http:\/\/nanolab.es\/wp-content\/uploads\/22555451_1965227903726167_900654735775980375_o.jpg 1125w\" sizes=\"(max-width: 193px) 100vw, 193px\" \/><\/a><\/p>\n<p><span style=\"color: #3366ff;\">(basado en el taller &#8216;play the city!&#8217; de <span style=\"color: #ff0000;\">a<\/span>rkitente, publicado en amag!)<\/span><\/p>\n","protected":false},"excerpt":{"rendered":"<p>mi ciudad, \u00bfcomo quiero que sea? \u00e1rboles, parques, bosques, un r\u00edo, casas, edificios m\u00e1s altos y otros tipos, carreteras y calles&#8230;. hoy construimos nuestra ciudad. \u00a0 (basado en el taller &#8216;play the city!&#8217; de arkitente, publicado en amag!)<\/p>\n","protected":false},"author":1,"featured_media":0,"parent":0,"menu_order":0,"comment_status":"closed","ping_status":"closed","template":"","meta":{"footnotes":""},"_links":{"self":[{"href":"http:\/\/nanolab.es\/index.php?rest_route=\/wp\/v2\/pages\/832"}],"collection":[{"href":"http:\/\/nanolab.es\/index.php?rest_route=\/wp\/v2\/pages"}],"about":[{"href":"http:\/\/nanolab.es\/index.php?rest_route=\/wp\/v2\/types\/page"}],"author":[{"embeddable":true,"href":"http:\/\/nanolab.es\/index.php?rest_route=\/wp\/v2\/users\/1"}],"replies":[{"embeddable":true,"href":"http:\/\/nanolab.es\/index.php?rest_route=%2Fwp%2Fv2%2Fcomments&post=832"}],"version-history":[{"count":5,"href":"http:\/\/nanolab.es\/index.php?rest_route=\/wp\/v2\/pages\/832\/revisions"}],"predecessor-version":[{"id":851,"href":"http:\/\/nanolab.es\/index.php?rest_route=\/wp\/v2\/pages\/832\/revisions\/851"}],"wp:attachment":[{"href":"http:\/\/nanolab.es\/index.php?rest_route=%2Fwp%2Fv2%2Fmedia&parent=832"}],"curies":[{"name":"wp","href":"https:\/\/api.w.org\/{rel}","templated":true}]}}