{"id":16,"date":"2015-01-22T21:34:20","date_gmt":"2015-01-22T21:34:20","guid":{"rendered":"http:\/\/nanolab.es\/?page_id=16"},"modified":"2024-02-25T19:49:09","modified_gmt":"2024-02-25T19:49:09","slug":"como","status":"publish","type":"page","link":"https:\/\/nanolab.es\/?page_id=16","title":{"rendered":"d\u00f3nde"},"content":{"rendered":"\n<p class=\"has-text-align-left\"><span style=\"color: #3366ff;\"><mark style=\"background-color:rgba(0, 0, 0, 0)\" class=\"has-inline-color has-vivid-cyan-blue-color\"><strong><span style=\"color: #ff0000;\">nano<\/span>lab<\/strong> desarrolla su actividad \u00a0de <strong>talleres de arquitectura para ni\u00f1os<\/strong> tanto en colegios (a modo de actividad extraescolar) como puntualmente en algunos eventos.<\/mark><\/span><\/p>\n\n\n\n<p class=\"has-text-align-left\"><span style=\"color: #3366ff;\"><mark style=\"background-color:rgba(0, 0, 0, 0)\" class=\"has-inline-color has-vivid-cyan-blue-color\"><span style=\"color: #ff0000;\">a<\/span>ctualmente trabajamos en tres colegios de <span style=\"color: #ff0000;\">g<\/span>ij\u00f3n:<\/mark><\/span><\/p>\n\n\n\n<ul>\n<li><mark style=\"background-color:rgba(0, 0, 0, 0)\" class=\"has-inline-color has-vivid-red-color\">c<\/mark><mark style=\"background-color:rgba(0, 0, 0, 0)\" class=\"has-inline-color has-vivid-cyan-blue-color\">olegio <\/mark><mark style=\"background-color:rgba(0, 0, 0, 0)\" class=\"has-inline-color has-vivid-red-color\">s<\/mark><mark style=\"background-color:rgba(0, 0, 0, 0)\" class=\"has-inline-color has-vivid-cyan-blue-color\">an<\/mark><mark style=\"background-color:rgba(0, 0, 0, 0)\" class=\"has-inline-color has-vivid-red-color\"> l<\/mark><mark style=\"background-color:rgba(0, 0, 0, 0)\" class=\"has-inline-color has-vivid-cyan-blue-color\">orenzo<\/mark><\/li>\n\n\n\n<li><span style=\"color: #3366ff;\"><mark style=\"background-color:rgba(0, 0, 0, 0)\" class=\"has-inline-color has-vivid-cyan-blue-color\"><span style=\"color: #ff0000;\">c<\/span>olegio <strong><span style=\"color: #ff0000;\">c<\/span>oraz\u00f3n de <span style=\"color: #ff0000;\">m<\/span>ar\u00eda<\/strong><\/mark><\/span><\/li>\n\n\n\n<li><span style=\"color: #3366ff;\"><mark style=\"background-color:rgba(0, 0, 0, 0)\" class=\"has-inline-color has-vivid-cyan-blue-color\"><span style=\"color: #ff0000;\">cp<\/span> <strong><span style=\"color: #ff0000;\">e<\/span>duardo <\/strong><\/mark><strong><mark style=\"background-color:rgba(0, 0, 0, 0)\" class=\"has-inline-color has-vivid-cyan-blue-color\"><span style=\"color: #ff0000;\">m<\/span>art\u00ednez <span style=\"color: #ff0000;\">t<\/span>orner<\/mark><\/strong><\/span><\/li>\n<\/ul>\n\n\n\n<p class=\"has-text-align-left\"><span style=\"color: #3366ff;\"><mark style=\"background-color:rgba(0, 0, 0, 0)\" class=\"has-inline-color has-vivid-cyan-blue-color\"><span style=\"color: #ff0000;\">h<\/span>emos participado puntualmente tambi\u00e9n en los siguientes centros.<\/mark><\/span><\/p>\n\n\n\n<ul>\n<li><span style=\"color: #3366ff;\"><mark style=\"background-color:rgba(0, 0, 0, 0)\" class=\"has-inline-color has-vivid-cyan-blue-color\"><span style=\"color: #ff0000;\">cp<\/span> <strong><span style=\"color: #ff0000;\">a<\/span>sturias<\/strong><\/mark><\/span><\/li>\n\n\n\n<li><span style=\"color: #3366ff;\"><mark style=\"background-color:rgba(0, 0, 0, 0)\" class=\"has-inline-color has-vivid-cyan-blue-color\"><span style=\"color: #ff0000;\">cp<\/span> <strong><span style=\"color: #ff0000;\">b<\/span>ego\u00f1a<\/strong><\/mark><\/span><\/li>\n\n\n\n<li><span style=\"color: #3366ff;\"><mark style=\"background-color:rgba(0, 0, 0, 0)\" class=\"has-inline-color has-vivid-cyan-blue-color\"><span style=\"color: #ff0000;\">c<\/span>olegio <strong><span style=\"color: #ff0000;\">s<\/span>anto <span style=\"color: #ff0000;\">\u00e1<\/span>ngel de la <span style=\"color: #ff0000;\">g<\/span>uarda<\/strong> (<span style=\"color: #ff0000;\">p<\/span>ravia)<\/mark><\/span><\/li>\n\n\n\n<li><span style=\"color: #3366ff;\"><mark style=\"background-color:rgba(0, 0, 0, 0)\" class=\"has-inline-color has-vivid-cyan-blue-color\"><span style=\"color: #ff0000;\">c<\/span>olegio <strong><span style=\"color: #ff0000;\">s<\/span>anto <span style=\"color: #ff0000;\">\u00e1<\/span>ngel de la <span style=\"color: #ff0000;\">g<\/span>uarda<\/strong> (<span style=\"color: #ff0000;\">g<\/span>ij\u00f3n)<\/mark><\/span><\/li>\n<\/ul>\n\n\n\n<p class=\"has-text-align-left\"><span style=\"color: #3366ff;\"><mark style=\"background-color:rgba(0, 0, 0, 0)\" class=\"has-inline-color has-vivid-cyan-blue-color\"><span style=\"color: #ff0000;\">t<\/span>ambi\u00e9n nos puedes encontrar en <strong><span style=\"color: #ff0000;\">m<\/span>ercaplana<\/strong> cada navidad, donde ofrecemos un taller diferente cada a\u00f1o:<\/mark><\/span><\/p>\n\n\n\n<ul>\n<li><span style=\"color: #3366ff;\"><mark style=\"background-color:rgba(0, 0, 0, 0)\" class=\"has-inline-color has-vivid-cyan-blue-color\">2014-2015: <span style=\"color: #ff0000;\">e<\/span>l tepee\u00a0&#8211;\u00a0<span style=\"color: #ff0000;\">e<\/span>l esp\u00edritu indio debe seguir vivo.<\/mark><\/span><\/li>\n\n\n\n<li><span style=\"color: #3366ff;\"><mark style=\"background-color:rgba(0, 0, 0, 0)\" class=\"has-inline-color has-vivid-cyan-blue-color\">2015-2016: \u00bf<span style=\"color: #ff0000;\">q<\/span>ui\u00e9n dijo que los poligonos son aburridos?\u00a0&#8211; <span style=\"color: #ff0000;\">b<\/span>uckminster <span style=\"color: #ff0000;\">f<\/span>uller.<\/mark><\/span><\/li>\n\n\n\n<li><span style=\"color: #3366ff;\"><mark style=\"background-color:rgba(0, 0, 0, 0)\" class=\"has-inline-color has-vivid-cyan-blue-color\">2016-2017: <span style=\"color: #ff0000;\">a<\/span>rquitectura de <span style=\"color: #ff0000;\">e<\/span>mergencia &#8211; <span style=\"color: #ff0000;\">s<\/span>higeru <span style=\"color: #ff0000;\">b<\/span>an.<\/mark><\/span><\/li>\n\n\n\n<li><mark style=\"background-color:rgba(0, 0, 0, 0)\" class=\"has-inline-color has-vivid-cyan-blue-color\">2017-2018: <\/mark><mark style=\"background-color:rgba(0, 0, 0, 0)\" class=\"has-inline-color has-vivid-red-color\">o<\/mark><mark style=\"background-color:rgba(0, 0, 0, 0)\" class=\"has-inline-color has-vivid-cyan-blue-color\">tras formas de habitar _ <\/mark><mark style=\"background-color:rgba(0, 0, 0, 0)\" class=\"has-inline-color has-vivid-red-color\">i<\/mark><mark style=\"background-color:rgba(0, 0, 0, 0)\" class=\"has-inline-color has-vivid-cyan-blue-color\">gl\u00fa.<\/mark><\/li>\n\n\n\n<li><mark style=\"background-color:rgba(0, 0, 0, 0)\" class=\"has-inline-color has-vivid-cyan-blue-color\">2021-2022: <\/mark><mark style=\"background-color:rgba(0, 0, 0, 0)\" class=\"has-inline-color has-vivid-red-color\">o<\/mark><mark style=\"background-color:rgba(0, 0, 0, 0)\" class=\"has-inline-color has-vivid-cyan-blue-color\">tras formas de habitar _ <\/mark><mark style=\"background-color:rgba(0, 0, 0, 0)\" class=\"has-inline-color has-vivid-red-color\">t<\/mark><mark style=\"background-color:rgba(0, 0, 0, 0)\" class=\"has-inline-color has-vivid-cyan-blue-color\">epee<\/mark><\/li>\n\n\n\n<li><mark style=\"background-color:rgba(0, 0, 0, 0)\" class=\"has-inline-color has-vivid-cyan-blue-color\">2022-2023: <\/mark><mark style=\"background-color:rgba(0, 0, 0, 0)\" class=\"has-inline-color has-vivid-red-color\">l<\/mark><mark style=\"background-color:rgba(0, 0, 0, 0)\" class=\"has-inline-color has-vivid-cyan-blue-color\">a torre <\/mark><mark style=\"background-color:rgba(0, 0, 0, 0)\" class=\"has-inline-color has-vivid-red-color\">e<\/mark><mark style=\"background-color:rgba(0, 0, 0, 0)\" class=\"has-inline-color has-vivid-cyan-blue-color\">iffel visita <\/mark><mark style=\"background-color:rgba(0, 0, 0, 0)\" class=\"has-inline-color has-vivid-red-color\">g<\/mark><mark style=\"background-color:rgba(0, 0, 0, 0)\" class=\"has-inline-color has-vivid-cyan-blue-color\">ij\u00f3n<\/mark><\/li>\n\n\n\n<li><mark style=\"background-color:rgba(0, 0, 0, 0)\" class=\"has-inline-color has-vivid-cyan-blue-color\">2023-2024<span style=\"color: #3366ff;\">:<\/span><\/mark><span style=\"color: #3366ff;\"><mark style=\"background-color:rgba(0, 0, 0, 0)\" class=\"has-inline-color has-vivid-cyan-blue-color\"> \u00bf<span style=\"color: #ff0000;\">q<\/span>ui\u00e9n dijo que los poligonos son aburridos?\u00a0&#8211; <span style=\"color: #ff0000;\">b<\/span>uckminster <span style=\"color: #ff0000;\">f<\/span>uller.<\/mark><\/span><\/li>\n<\/ul>\n\n\n\n<p class=\"has-text-align-left\"><span style=\"color: #3366ff;\"><mark style=\"background-color:rgba(0, 0, 0, 0)\" class=\"has-inline-color has-vivid-cyan-blue-color\"><span style=\"color: #ff0000;\">y<\/span> en durante los meses de verano de 2015 y 2016 en el <strong><span style=\"color: #ff0000;\">c<\/span>olegio <span style=\"color: #ff0000;\">o<\/span>ficial de <span style=\"color: #ff0000;\">a<\/span>rquitectos de <span style=\"color: #ff0000;\">a<\/span>sturias<\/strong> en la sede de <span style=\"color: #ff0000;\"><strong>g<\/strong><\/span>ij\u00f3n<\/mark><\/span><\/p>\n\n\n\n<p class=\"has-text-align-left\"><span style=\"color: #3366ff;\"><mark style=\"background-color:rgba(0, 0, 0, 0)\" class=\"has-inline-color has-vivid-cyan-blue-color\"><span style=\"color: #ff0000;\">a<\/span>dem\u00e1s, realizamos talleres espor\u00e1dicos en lugares como la<strong> <span style=\"color: #ff0000;\">l<\/span>aboral<\/strong> dentro del programa <strong><span style=\"color: #ff0000;\">v<\/span>amos!.<\/strong><\/mark><\/span><\/p>\n","protected":false},"excerpt":{"rendered":"<p>nanolab desarrolla su actividad \u00a0de talleres de arquitectura para ni\u00f1os tanto en colegios (a modo de actividad extraescolar) como puntualmente en algunos eventos. actualmente trabajamos en tres colegios de gij\u00f3n: hemos participado puntualmente tambi\u00e9n en los siguientes centros. tambi\u00e9n nos puedes encontrar en mercaplana cada navidad, donde ofrecemos un taller diferente cada a\u00f1o: y en [&hellip;]<\/p>\n","protected":false},"author":1,"featured_media":0,"parent":0,"menu_order":0,"comment_status":"closed","ping_status":"closed","template":"","meta":{"footnotes":""},"_links":{"self":[{"href":"https:\/\/nanolab.es\/index.php?rest_route=\/wp\/v2\/pages\/16"}],"collection":[{"href":"https:\/\/nanolab.es\/index.php?rest_route=\/wp\/v2\/pages"}],"about":[{"href":"https:\/\/nanolab.es\/index.php?rest_route=\/wp\/v2\/types\/page"}],"author":[{"embeddable":true,"href":"https:\/\/nanolab.es\/index.php?rest_route=\/wp\/v2\/users\/1"}],"replies":[{"embeddable":true,"href":"https:\/\/nanolab.es\/index.php?rest_route=%2Fwp%2Fv2%2Fcomments&post=16"}],"version-history":[{"count":20,"href":"https:\/\/nanolab.es\/index.php?rest_route=\/wp\/v2\/pages\/16\/revisions"}],"predecessor-version":[{"id":948,"href":"https:\/\/nanolab.es\/index.php?rest_route=\/wp\/v2\/pages\/16\/revisions\/948"}],"wp:attachment":[{"href":"https:\/\/nanolab.es\/index.php?rest_route=%2Fwp%2Fv2%2Fmedia&parent=16"}],"curies":[{"name":"wp","href":"https:\/\/api.w.org\/{rel}","templated":true}]}}