{"id":647,"date":"2017-01-23T11:18:26","date_gmt":"2017-01-23T11:18:26","guid":{"rendered":"http:\/\/www.nanolab.es\/?page_id=647"},"modified":"2024-02-26T00:28:48","modified_gmt":"2024-02-26T00:28:48","slug":"galeria","status":"publish","type":"page","link":"https:\/\/nanolab.es\/?page_id=647","title":{"rendered":"galer\u00eda"},"content":{"rendered":"<div class=\"wp-block-image is-style-rounded\">\n<figure class=\"aligncenter size-large is-resized\"><a href=\"https:\/\/nanolab.es\/?page_id=1037\"><img loading=\"lazy\" decoding=\"async\" width=\"1024\" height=\"576\" src=\"https:\/\/nanolab.es\/wp-content\/uploads\/2023_05_29_13_53_IMG_1723-1024x576.jpg\" alt=\"\" class=\"wp-image-1042\" style=\"width:340px;height:auto\" srcset=\"https:\/\/nanolab.es\/wp-content\/uploads\/2023_05_29_13_53_IMG_1723-1024x576.jpg 1024w, https:\/\/nanolab.es\/wp-content\/uploads\/2023_05_29_13_53_IMG_1723-300x169.jpg 300w, https:\/\/nanolab.es\/wp-content\/uploads\/2023_05_29_13_53_IMG_1723-1536x864.jpg 1536w, https:\/\/nanolab.es\/wp-content\/uploads\/2023_05_29_13_53_IMG_1723-2048x1152.jpg 2048w\" sizes=\"(max-width: 1024px) 100vw, 1024px\" \/><\/a><\/figure><\/div>\n\n\n<h4 class=\"wp-block-heading has-text-align-center\"><mark style=\"background-color:rgba(0, 0, 0, 0)\" class=\"has-inline-color has-vivid-red-color\">e<\/mark>logio al horizonte<\/h4>\n\n\n<div class=\"wp-block-image is-style-rounded\">\n<figure class=\"aligncenter\"><a href=\"http:\/\/www.nanolab.es\/?page_id=668\"><img loading=\"lazy\" decoding=\"async\" width=\"300\" height=\"212\" src=\"http:\/\/nanolab.es\/wp-content\/uploads\/Arbol_02-660x466-300x212.jpg\" alt=\"\" class=\"wp-image-653\" srcset=\"https:\/\/nanolab.es\/wp-content\/uploads\/Arbol_02-660x466-300x212.jpg 300w, https:\/\/nanolab.es\/wp-content\/uploads\/Arbol_02-660x466.jpg 660w\" sizes=\"(max-width: 300px) 100vw, 300px\" \/><\/a><\/figure><\/div>\n\n\n<h4 class=\"wp-block-heading has-text-align-center\"><a href=\"http:\/\/www.nanolab.es\/?page_id=668\"><span style=\"color: #3366ff;\"><span style=\"color: #ff0000;\">r<\/span>a\u00edces<\/span><\/a><\/h4>\n\n\n<div class=\"wp-block-image is-style-rounded\">\n<figure class=\"aligncenter\"><a href=\"http:\/\/www.nanolab.es\/?page_id=672\"><img loading=\"lazy\" decoding=\"async\" width=\"300\" height=\"212\" src=\"http:\/\/nanolab.es\/wp-content\/uploads\/CUANTO-MIDO-660x466-300x212.jpg\" alt=\"\" class=\"wp-image-659\" srcset=\"https:\/\/nanolab.es\/wp-content\/uploads\/CUANTO-MIDO-660x466-300x212.jpg 300w, https:\/\/nanolab.es\/wp-content\/uploads\/CUANTO-MIDO-660x466.jpg 660w\" sizes=\"(max-width: 300px) 100vw, 300px\" \/><\/a><\/figure><\/div>\n\n\n<p class=\"has-text-align-center\"><\/p>\n\n\n\n<h4 class=\"wp-block-heading has-text-align-center\"><a href=\"http:\/\/www.nanolab.es\/?page_id=672\"><span style=\"color: #3366ff;\">\u00bf<span style=\"color: #ff0000;\">c<\/span>u\u00e1nto mido?<\/span><\/a><\/h4>\n\n\n<div class=\"wp-block-image is-style-rounded\">\n<figure class=\"aligncenter\"><a href=\"http:\/\/www.nanolab.es\/?page_id=676\"><img loading=\"lazy\" decoding=\"async\" width=\"300\" height=\"212\" src=\"http:\/\/nanolab.es\/wp-content\/uploads\/cupola-geod\u00e9sica_-2-300x212.jpg\" alt=\"\" class=\"wp-image-675\" srcset=\"https:\/\/nanolab.es\/wp-content\/uploads\/cupola-geod\u00e9sica_-2-300x212.jpg 300w, https:\/\/nanolab.es\/wp-content\/uploads\/cupola-geod\u00e9sica_-2.jpg 660w\" sizes=\"(max-width: 300px) 100vw, 300px\" \/><\/a><\/figure><\/div>\n\n\n<h4 class=\"wp-block-heading has-text-align-center\"><a href=\"http:\/\/www.nanolab.es\/?page_id=676\"><span style=\"color: #3366ff;\">\u00bf<span style=\"color: #ff0000;\">q<\/span>ui\u00e9n dijo que los pol\u00edgonos son aburridos?<\/span><\/a><\/h4>\n\n\n<div class=\"wp-block-image is-style-rounded\">\n<figure class=\"aligncenter\"><a href=\"http:\/\/www.nanolab.es\/?page_id=705\"><img loading=\"lazy\" decoding=\"async\" width=\"300\" height=\"212\" src=\"http:\/\/nanolab.es\/wp-content\/uploads\/REFUGIO-EMERGENCIA_-3-660x467-300x212.jpg\" alt=\"\" class=\"wp-image-708\" srcset=\"https:\/\/nanolab.es\/wp-content\/uploads\/REFUGIO-EMERGENCIA_-3-660x467-300x212.jpg 300w, https:\/\/nanolab.es\/wp-content\/uploads\/REFUGIO-EMERGENCIA_-3-660x467.jpg 660w\" sizes=\"(max-width: 300px) 100vw, 300px\" \/><\/a><\/figure><\/div>\n\n\n<h4 class=\"wp-block-heading has-text-align-center\"><a href=\"http:\/\/www.nanolab.es\/?page_id=705\"><span style=\"color: #3366ff;\"><span style=\"color: #ff0000;\">r<\/span>efugio<\/span><\/a><\/h4>\n\n\n<div class=\"wp-block-image is-style-rounded\">\n<figure class=\"aligncenter\"><a href=\"http:\/\/www.nanolab.es\/?page_id=719\"><img loading=\"lazy\" decoding=\"async\" width=\"300\" height=\"200\" src=\"http:\/\/nanolab.es\/wp-content\/uploads\/IMG-20170131-WA0003-300x200.jpg\" alt=\"\" class=\"wp-image-725\" srcset=\"https:\/\/nanolab.es\/wp-content\/uploads\/IMG-20170131-WA0003-300x200.jpg 300w, https:\/\/nanolab.es\/wp-content\/uploads\/IMG-20170131-WA0003-1024x682.jpg 1024w, https:\/\/nanolab.es\/wp-content\/uploads\/IMG-20170131-WA0003.jpg 1600w\" sizes=\"(max-width: 300px) 100vw, 300px\" \/><\/a><\/figure><\/div>\n\n\n<h4 class=\"wp-block-heading has-text-align-center\"><a href=\"http:\/\/www.nanolab.es\/?page_id=719\"><span style=\"color: #3366ff;\"><span style=\"color: #ff0000;\">m<span style=\"color: #3366ff;\">obiliario arquitect\u00f3nico<\/span><\/span><\/span><\/a><\/h4>\n\n\n<div class=\"wp-block-image is-style-rounded\">\n<figure class=\"aligncenter\"><a href=\"http:\/\/www.nanolab.es\/?page_id=728\"><img loading=\"lazy\" decoding=\"async\" width=\"300\" height=\"225\" src=\"http:\/\/nanolab.es\/wp-content\/uploads\/carna-300x225.jpg\" alt=\"\" class=\"wp-image-736\" srcset=\"https:\/\/nanolab.es\/wp-content\/uploads\/carna-300x225.jpg 300w, https:\/\/nanolab.es\/wp-content\/uploads\/carna.jpg 626w\" sizes=\"(max-width: 300px) 100vw, 300px\" \/><\/a><\/figure><\/div>\n\n\n<p class=\"has-text-align-center\"><\/p>\n\n\n\n<h4 class=\"wp-block-heading has-text-align-center\"><a href=\"http:\/\/www.nanolab.es\/?page_id=728\"><span style=\"color: #3366ff;\"><span style=\"color: #ff0000;\">l<\/span><\/span><span style=\"color: #3366ff;\">a arquitectura es un carnaval<\/span><\/a><\/h4>\n\n\n<div class=\"wp-block-image is-style-rounded\">\n<figure class=\"aligncenter\"><a href=\"http:\/\/www.nanolab.es\/?page_id=738\"><img loading=\"lazy\" decoding=\"async\" width=\"300\" height=\"196\" src=\"http:\/\/nanolab.es\/wp-content\/uploads\/IMG-20170222-WA0004-300x196.jpg\" alt=\"\" class=\"wp-image-741\" srcset=\"https:\/\/nanolab.es\/wp-content\/uploads\/IMG-20170222-WA0004-300x196.jpg 300w, https:\/\/nanolab.es\/wp-content\/uploads\/IMG-20170222-WA0004.jpg 680w\" sizes=\"(max-width: 300px) 100vw, 300px\" \/><\/a><\/figure><\/div>\n\n\n<p class=\"has-text-align-center\"><\/p>\n\n\n\n<h4 class=\"wp-block-heading has-text-align-center\"><a href=\"http:\/\/www.nanolab.es\/?page_id=738\"><span style=\"color: #3366ff;\"><span style=\"color: #ff0000;\">l<\/span><\/span><span style=\"color: #3366ff;\">a arquitectura<\/span><span style=\"color: #3366ff;\">&nbsp;viaja en coche<\/span><\/a><\/h4>\n\n\n<div class=\"wp-block-image is-style-rounded\">\n<figure class=\"aligncenter\"><a href=\"http:\/\/www.nanolab.es\/?page_id=745\"><img loading=\"lazy\" decoding=\"async\" width=\"300\" height=\"200\" src=\"http:\/\/nanolab.es\/wp-content\/uploads\/DSC7708-copia-300x200.jpg\" alt=\"\" class=\"wp-image-748\" srcset=\"https:\/\/nanolab.es\/wp-content\/uploads\/DSC7708-copia-300x200.jpg 300w, https:\/\/nanolab.es\/wp-content\/uploads\/DSC7708-copia.jpg 501w\" sizes=\"(max-width: 300px) 100vw, 300px\" \/><\/a><\/figure><\/div>\n\n\n<h4 class=\"wp-block-heading has-text-align-center\"><a href=\"http:\/\/www.nanolab.es\/?page_id=745\"><span style=\"color: #3366ff;\"><span style=\"color: #ff0000;\">g<\/span><\/span><span style=\"color: #3366ff;\">aud\u00ed y las chimeneas de las galaxias<\/span><\/a><\/h4>\n\n\n<div class=\"wp-block-image is-style-rounded\">\n<figure class=\"aligncenter\"><a href=\"http:\/\/www.nanolab.es\/?page_id=753\"><img loading=\"lazy\" decoding=\"async\" width=\"300\" height=\"168\" src=\"http:\/\/nanolab.es\/wp-content\/uploads\/IMG_20161114_165806-300x168.jpg\" alt=\"\" class=\"wp-image-759\" srcset=\"https:\/\/nanolab.es\/wp-content\/uploads\/IMG_20161114_165806-300x168.jpg 300w, https:\/\/nanolab.es\/wp-content\/uploads\/IMG_20161114_165806-1024x575.jpg 1024w\" sizes=\"(max-width: 300px) 100vw, 300px\" \/><\/a><\/figure><\/div>\n\n\n<h4 class=\"wp-block-heading has-text-align-center\"><a href=\"http:\/\/www.nanolab.es\/?page_id=753\"><span style=\"color: #3366ff;\"><span style=\"color: #ff0000;\">d<\/span>ise\u00f1a tu casa<\/span><\/a><\/h4>\n\n\n<div class=\"wp-block-image is-style-rounded\">\n<figure class=\"aligncenter\"><a href=\"http:\/\/www.nanolab.es\/?page_id=799\"><img loading=\"lazy\" decoding=\"async\" width=\"300\" height=\"216\" src=\"http:\/\/nanolab.es\/wp-content\/uploads\/IMG-20170427-WA0000-300x216.jpg\" alt=\"\" class=\"wp-image-813\" srcset=\"https:\/\/nanolab.es\/wp-content\/uploads\/IMG-20170427-WA0000-300x216.jpg 300w, https:\/\/nanolab.es\/wp-content\/uploads\/IMG-20170427-WA0000.jpg 591w\" sizes=\"(max-width: 300px) 100vw, 300px\" \/><\/a><\/figure><\/div>\n\n\n<p class=\"has-text-align-center\"><\/p>\n\n\n\n<h4 class=\"wp-block-heading has-text-align-center\"><a href=\"http:\/\/www.nanolab.es\/?page_id=799\"><span style=\"color: #3366ff;\"><span style=\"color: #ff0000;\">a<\/span>rquitectura de altura<\/span><\/a><\/h4>\n\n\n<div class=\"wp-block-image is-style-rounded\">\n<figure class=\"aligncenter size-large is-resized\"><a href=\"http:\/\/www.nanolab.es\/?page_id=805\"><img loading=\"lazy\" decoding=\"async\" width=\"2448\" height=\"1377\" src=\"https:\/\/nanolab.es\/wp-content\/uploads\/20170512_144034-copia-edited-1.jpg\" alt=\"\" class=\"wp-image-952\" style=\"width:282px;height:auto\" srcset=\"https:\/\/nanolab.es\/wp-content\/uploads\/20170512_144034-copia-edited-1.jpg 2448w, https:\/\/nanolab.es\/wp-content\/uploads\/20170512_144034-copia-edited-1-300x169.jpg 300w, https:\/\/nanolab.es\/wp-content\/uploads\/20170512_144034-copia-edited-1-1024x576.jpg 1024w, https:\/\/nanolab.es\/wp-content\/uploads\/20170512_144034-copia-edited-1-1536x864.jpg 1536w, https:\/\/nanolab.es\/wp-content\/uploads\/20170512_144034-copia-edited-1-2048x1152.jpg 2048w\" sizes=\"(max-width: 2448px) 100vw, 2448px\" \/><\/a><\/figure><\/div>\n\n\n<h4 class=\"wp-block-heading has-text-align-center\"><a href=\"http:\/\/www.nanolab.es\/?page_id=805\"><span style=\"color: #3366ff;\"><span style=\"color: #ff0000;\">r<\/span>epresentaci\u00f3n en \u00bfdi\u00e9drico?<\/span><\/a><\/h4>\n\n\n<div class=\"wp-block-image is-style-rounded\">\n<figure class=\"aligncenter\"><a href=\"http:\/\/www.nanolab.es\/?attachment_id=834\" rel=\"attachment wp-att-834\"><img loading=\"lazy\" decoding=\"async\" width=\"300\" height=\"200\" src=\"http:\/\/nanolab.es\/wp-content\/uploads\/22538806_1965226813726276_4632552700933225493_o-300x200.jpg\" alt=\"\" class=\"wp-image-834\" srcset=\"https:\/\/nanolab.es\/wp-content\/uploads\/22538806_1965226813726276_4632552700933225493_o-300x200.jpg 300w, https:\/\/nanolab.es\/wp-content\/uploads\/22538806_1965226813726276_4632552700933225493_o-1024x683.jpg 1024w, https:\/\/nanolab.es\/wp-content\/uploads\/22538806_1965226813726276_4632552700933225493_o.jpg 1242w\" sizes=\"(max-width: 300px) 100vw, 300px\" \/><\/a><\/figure><\/div>\n\n\n<h4 class=\"wp-block-heading has-text-align-center\"><a href=\"http:\/\/www.nanolab.es\/?page_id=832\">mm<span style=\"color: #3366ff;\"><mark style=\"background-color:rgba(0, 0, 0, 0)\" class=\"has-inline-color has-vivid-red-color\">m<\/mark>i ciudad<\/span><\/a><\/h4>\n\n\n<div class=\"wp-block-image is-style-rounded\">\n<figure class=\"aligncenter size-large is-resized\"><a href=\"http:\/\/www.nanolab.es\/?page_id=867\"><img loading=\"lazy\" decoding=\"async\" width=\"1024\" height=\"768\" src=\"http:\/\/nanolab.es\/wp-content\/uploads\/2015\/02\/miradas-a-mi-ciudad...-Gij\u00f3n-1024x768.jpg\" alt=\"\" class=\"wp-image-79\" style=\"width:338px;height:auto\" srcset=\"https:\/\/nanolab.es\/wp-content\/uploads\/2015\/02\/miradas-a-mi-ciudad...-Gij\u00f3n-1024x768.jpg 1024w, https:\/\/nanolab.es\/wp-content\/uploads\/2015\/02\/miradas-a-mi-ciudad...-Gij\u00f3n-300x225.jpg 300w, https:\/\/nanolab.es\/wp-content\/uploads\/2015\/02\/miradas-a-mi-ciudad...-Gij\u00f3n-600x450.jpg 600w\" sizes=\"(max-width: 1024px) 100vw, 1024px\" \/><\/a><\/figure><\/div>\n\n\n<h4 class=\"wp-block-heading has-text-align-center\"><a href=\"http:\/\/www.nanolab.es\/?page_id=867\"><span style=\"color: #3366ff;\"><span style=\"color: #ff0000;\">m<\/span>iradas a mi ciudad.<\/span><\/a><\/h4>\n\n\n\n<p><a href=\"http:\/\/www.nanolab.es\/?page_id=867\" rel=\"attachment wp-att-393\"><\/a><\/p>\n\n\n\n<h4 class=\"wp-block-heading has-text-align-center\"><a href=\"https:\/\/nanolab.es\/?page_id=1037\">https:\/\/nanolab.es\/?page_id=1037<\/a><\/h4>\n","protected":false},"excerpt":{"rendered":"<p>elogio al horizonte ra\u00edces \u00bfcu\u00e1nto mido? \u00bfqui\u00e9n dijo que los pol\u00edgonos son aburridos? refugio mobiliario arquitect\u00f3nico la arquitectura es un carnaval la arquitectura&nbsp;viaja en coche gaud\u00ed y las chimeneas de las galaxias dise\u00f1a tu casa arquitectura de altura representaci\u00f3n en \u00bfdi\u00e9drico? mmmi ciudad miradas a mi ciudad. https:\/\/nanolab.es\/?page_id=1037<\/p>\n","protected":false},"author":1,"featured_media":0,"parent":0,"menu_order":0,"comment_status":"closed","ping_status":"closed","template":"","meta":{"footnotes":""},"_links":{"self":[{"href":"https:\/\/nanolab.es\/index.php?rest_route=\/wp\/v2\/pages\/647"}],"collection":[{"href":"https:\/\/nanolab.es\/index.php?rest_route=\/wp\/v2\/pages"}],"about":[{"href":"https:\/\/nanolab.es\/index.php?rest_route=\/wp\/v2\/types\/page"}],"author":[{"embeddable":true,"href":"https:\/\/nanolab.es\/index.php?rest_route=\/wp\/v2\/users\/1"}],"replies":[{"embeddable":true,"href":"https:\/\/nanolab.es\/index.php?rest_route=%2Fwp%2Fv2%2Fcomments&post=647"}],"version-history":[{"count":40,"href":"https:\/\/nanolab.es\/index.php?rest_route=\/wp\/v2\/pages\/647\/revisions"}],"predecessor-version":[{"id":1057,"href":"https:\/\/nanolab.es\/index.php?rest_route=\/wp\/v2\/pages\/647\/revisions\/1057"}],"wp:attachment":[{"href":"https:\/\/nanolab.es\/index.php?rest_route=%2Fwp%2Fv2%2Fmedia&parent=647"}],"curies":[{"name":"wp","href":"https:\/\/api.w.org\/{rel}","templated":true}]}}