{"id":9,"date":"2015-01-22T21:27:14","date_gmt":"2015-01-22T21:27:14","guid":{"rendered":"http:\/\/nanolab.es\/?page_id=9"},"modified":"2016-12-30T11:53:43","modified_gmt":"2016-12-30T11:53:43","slug":"que-hacemos-en-nanolab","status":"publish","type":"page","link":"https:\/\/nanolab.es\/?page_id=9","title":{"rendered":"qu\u00e9 hacemos"},"content":{"rendered":"<p><span style=\"color: #3366ff;\"><strong><span style=\"color: #ff0000;\">nano<\/span>lab<\/strong> es un proyecto did\u00e1ctico destinado a ni\u00f1@s, que apuesta por poner en valor la arquitectura y el urbanismo para despertar su sensibilidad hacia el entorno construido, el patrimonio hist\u00f3rico y el desarrollo sostenible, haciendo de la arquitectura una experiencia colectiva, multicultural, cr\u00edtica y sensorial.<\/span><\/p>\n<p><span style=\"color: #3366ff;\"><strong>\u00bf<span style=\"color: #ff0000;\">e<\/span>n qu\u00e9 consisten los talleres?<\/strong><\/span><\/p>\n<p><span style=\"color: #3366ff;\"><span style=\"color: #ff0000;\">l<\/span>os ni\u00f1os observar\u00e1n y analizar\u00e1n objetos, espacios y materiales. <span style=\"color: #ff0000;\">c<\/span>onocer\u00e1n la historia del entorno construido y explorar\u00e1n los distintos modos de representaci\u00f3n: mapas, planos, escalas&#8230;<\/span><\/p>\n<p><span style=\"color: #3366ff;\"><span style=\"color: #ff0000;\">t<\/span>odo esto para dar rienda suelta a la imaginaci\u00f3n, experimentando y creando.<\/span><\/p>\n<p><span style=\"color: #3366ff;\"><strong><span style=\"color: #ff0000;\">c<\/span>ontenidos de los talleres<\/strong><\/span><\/p>\n<p><span style=\"color: #ff0000;\">a<\/span><span style=\"color: #3366ff;\">lgunos de los talleres que impartimos son:<\/span><\/p>\n<p><span style=\"color: #3366ff;\">1\u00a0\u00a0 MI CASA, MI PARA\u00cdSO.<\/span><\/p>\n<p><span style=\"color: #3366ff;\">2\u00a0\u00a0 MIRADAS A LA CIUDAD.<\/span><\/p>\n<p><span style=\"color: #3366ff;\">3\u00a0\u00a0 \u00c9RASE UNA VEZ&#8230; LA ARQUITECTURA.<\/span><\/p>\n<p><span style=\"color: #3366ff;\">4\u00a0\u00a0 MATERIALES Y FORMAS DE CONSTRUIR.<\/span><\/p>\n<p><span style=\"color: #3366ff;\">5\u00a0\u00a0 REPRESENTANDO EL ESPACIO.<\/span><\/p>\n","protected":false},"excerpt":{"rendered":"<p>nanolab es un proyecto did\u00e1ctico destinado a ni\u00f1@s, que apuesta por poner en valor la arquitectura y el urbanismo para despertar su sensibilidad hacia el entorno construido, el patrimonio hist\u00f3rico y el desarrollo sostenible, haciendo de la arquitectura una experiencia colectiva, multicultural, cr\u00edtica y sensorial. \u00bfen qu\u00e9 consisten los talleres? los ni\u00f1os observar\u00e1n y analizar\u00e1n [&hellip;]<\/p>\n","protected":false},"author":1,"featured_media":0,"parent":0,"menu_order":0,"comment_status":"closed","ping_status":"closed","template":"","meta":{"footnotes":""},"_links":{"self":[{"href":"https:\/\/nanolab.es\/index.php?rest_route=\/wp\/v2\/pages\/9"}],"collection":[{"href":"https:\/\/nanolab.es\/index.php?rest_route=\/wp\/v2\/pages"}],"about":[{"href":"https:\/\/nanolab.es\/index.php?rest_route=\/wp\/v2\/types\/page"}],"author":[{"embeddable":true,"href":"https:\/\/nanolab.es\/index.php?rest_route=\/wp\/v2\/users\/1"}],"replies":[{"embeddable":true,"href":"https:\/\/nanolab.es\/index.php?rest_route=%2Fwp%2Fv2%2Fcomments&post=9"}],"version-history":[{"count":8,"href":"https:\/\/nanolab.es\/index.php?rest_route=\/wp\/v2\/pages\/9\/revisions"}],"predecessor-version":[{"id":613,"href":"https:\/\/nanolab.es\/index.php?rest_route=\/wp\/v2\/pages\/9\/revisions\/613"}],"wp:attachment":[{"href":"https:\/\/nanolab.es\/index.php?rest_route=%2Fwp%2Fv2%2Fmedia&parent=9"}],"curies":[{"name":"wp","href":"https:\/\/api.w.org\/{rel}","templated":true}]}}